{"id":296,"date":"2026-02-13T12:20:26","date_gmt":"2026-02-13T12:20:26","guid":{"rendered":"https:\/\/commeatted.ro\/?page_id=296"},"modified":"2026-02-13T17:54:58","modified_gmt":"2026-02-13T17:54:58","slug":"etapa-1-identificarea","status":"publish","type":"page","link":"https:\/\/commeatted.ro\/?page_id=296","title":{"rendered":"Etapa 1: Identificarea"},"content":{"rendered":"\n<div class=\"wp-block-buttons is-content-justification-center is-layout-flex wp-container-core-buttons-is-layout-a89b3969 wp-block-buttons-is-layout-flex\">\n<div class=\"wp-block-button\"><a class=\"wp-block-button__link wp-element-button\" href=\"https:\/\/commeatted.ro\/?page_id=127\">\ud83c\uddec\ud83c\udde7<\/a><\/div>\n\n\n\n<div class=\"wp-block-button\"><a class=\"wp-block-button__link has-custom-065-d-21-color has-custom-068-a-30-background-color has-text-color has-background has-link-color wp-element-button\" href=\"https:\/\/commeatted.ro\/?page_id=296\"><strong>\ud83c\uddf7\ud83c\uddf4<\/strong><\/a><\/div>\n<\/div>\n\n\n\n<p class=\"has-text-align-center has-x-large-font-size\">\ud83c\udf31 <strong>Identificarea p\u0103r\u021bilor interesate care vor participa la cercetarea calitativ\u0103 \u0219i analiza documentelor relevante<\/strong>.<\/p>\n\n\n\n<p class=\"has-text-align-center is-style-text-annotation has-x-large-font-size is-style-text-annotation--1\"><strong>\ud80c\udf09 2024<\/strong> \ud80c\uddcb<\/p>\n\n\n\n<div style=\"height:20px\" aria-hidden=\"true\" class=\"wp-block-spacer\"><\/div>\n\n\n\n<h2 class=\"wp-block-heading\">Rezultatele etapei 1:<\/h2>\n\n\n\n<p>\ud83d\udd17\u200d\ufe0f O baz\u0103 de date cu p\u0103r\u021bile interesate din domenii precum: lan\u021bul alimentar, cercet\u0103tori, media etc (realizat 100%).<\/p>\n\n\n\n<p>\ud83d\udcda Sintez\u0103 a literaturii \u0219tiin\u021bifice privind sursele alterantive de proteine (realizat 100%).<\/p>\n\n\n\n<p>\u2696\ufe0f Sintez\u0103 a actelor normative cu inciden\u021b\u0103 asupra surselor alterantive de proteine (realizat 100%).<\/p>\n\n\n\n<p>\ud83c\udf99\ufe0f Interviuri cu p\u0103r\u021bile interesate (realizat 100%).<\/p>\n\n\n\n<p>\ud83d\udd0a Un set de informa\u021bii legate de sursele alternative de proteine diseminate c\u0103tre publicul larg (realizat 100%).<\/p>\n\n\n\n<div style=\"height:20px\" aria-hidden=\"true\" class=\"wp-block-spacer\"><\/div>\n\n\n\n<div class=\"wp-block-group alignfull has-global-padding is-layout-constrained wp-container-core-group-is-layout-ebee8dc1 wp-block-group-is-layout-constrained\" style=\"margin-top:0;margin-bottom:0;padding-top:var(--wp--preset--spacing--50);padding-bottom:var(--wp--preset--spacing--50)\">\n<h3 class=\"wp-block-heading alignwide has-text-align-center has-x-large-font-size\">Sintez\u0103 a rezultatelor etapei conform obiectivelor stabilite:<\/h3>\n\n\n\n<div class=\"wp-block-columns alignwide is-layout-flex wp-container-core-columns-is-layout-714d85e9 wp-block-columns-is-layout-flex\">\n<div class=\"wp-block-column is-style-default has-border-color is-layout-flow wp-block-column-is-layout-flow\" style=\"border-color:var(--wp--preset--color--accent-6);border-width:1px;border-radius:10px;padding-top:var(--wp--preset--spacing--40);padding-right:var(--wp--preset--spacing--40);padding-bottom:var(--wp--preset--spacing--40);padding-left:var(--wp--preset--spacing--40)\">\n<div class=\"wp-block-columns is-layout-flex wp-container-core-columns-is-layout-28f84493 wp-block-columns-is-layout-flex\">\n<div class=\"wp-block-column is-layout-flow wp-block-column-is-layout-flow\" style=\"flex-basis:100%\">\n<blockquote class=\"wp-block-quote is-style-plain has-x-large-font-size is-layout-flow wp-container-core-quote-is-layout-119bc444 wp-block-quote-is-layout-flow is-style-plain--2\" style=\"font-style:normal;font-weight:400\">\n<div class=\"wp-block-group has-global-padding is-content-justification-left is-layout-constrained wp-container-core-group-is-layout-085bd3d9 wp-block-group-is-layout-constrained\" style=\"margin-top:0;margin-bottom:0;padding-top:0;padding-right:0;padding-bottom:0;padding-left:0\">\n<p class=\"has-text-align-left is-style-default has-large-font-size\"><strong>O1. <strong>Identificarea stakeholderilor pentru interviuri (WP2)<\/strong>:<\/strong><\/p>\n\n\n\n<p class=\"has-large-font-size\" style=\"line-height:1.3\">Au fost recruta\u021bi stakeholderi din diverse sectoare, fiind realizate 20 de interviuri ce au oferit date esen\u021biale pentru analiza percep\u021biilor asupra alimentelor inovative.<\/p>\n\n\n\n<div style=\"height:9px\" aria-hidden=\"true\" class=\"wp-block-spacer\"><\/div>\n\n\n\n<p class=\"has-text-align-center\">\ud80c\udf09\u25ef\ud80c\uddcb<\/p>\n<\/div>\n<\/blockquote>\n<\/div>\n<\/div>\n<\/div>\n\n\n\n<div class=\"wp-block-column has-border-color is-layout-flow wp-block-column-is-layout-flow\" style=\"border-color:var(--wp--preset--color--accent-6);border-width:1px;border-radius:10px;padding-top:var(--wp--preset--spacing--40);padding-right:var(--wp--preset--spacing--40);padding-bottom:var(--wp--preset--spacing--40);padding-left:var(--wp--preset--spacing--40)\">\n<div class=\"wp-block-columns is-layout-flex wp-container-core-columns-is-layout-28f84493 wp-block-columns-is-layout-flex\">\n<div class=\"wp-block-column is-layout-flow wp-block-column-is-layout-flow\" style=\"flex-basis:100%\">\n<blockquote class=\"wp-block-quote is-style-plain has-x-large-font-size is-layout-flow wp-container-core-quote-is-layout-119bc444 wp-block-quote-is-layout-flow is-style-plain--3\" style=\"font-style:normal;font-weight:400\">\n<div class=\"wp-block-group has-global-padding is-content-justification-left is-layout-constrained wp-container-core-group-is-layout-085bd3d9 wp-block-group-is-layout-constrained\" style=\"margin-top:0;margin-bottom:0;padding-top:0;padding-right:0;padding-bottom:0;padding-left:0\">\n<p class=\"has-text-align-left has-large-font-size\"><strong>O2. <strong>Analiza bibliometric\u0103<\/strong>: <\/strong><\/p>\n\n\n\n<p class=\"has-large-font-size\" style=\"line-height:1.3\">Pe baza a 86 de articole, s-au creat h\u0103r\u021bi vizuale folosind programul VOSviewer, \u0219i s-au identificat patru clustere tematice (nutri\u021bie, mediu, tehnologie, s\u0103n\u0103tate). Pe baza acestor clustere a fost dezvoltat un Model privind Sinergia \u00eentre Clustere (CCSM).<\/p>\n\n\n\n<p class=\"has-text-align-center\">\ud80c\udf09\u25ef\ud80c\uddcb<\/p>\n<\/div>\n<\/blockquote>\n<\/div>\n<\/div>\n<\/div>\n\n\n\n<div class=\"wp-block-column has-border-color is-layout-flow wp-block-column-is-layout-flow\" style=\"border-color:var(--wp--preset--color--accent-6);border-width:1px;border-radius:10px;padding-top:var(--wp--preset--spacing--40);padding-right:var(--wp--preset--spacing--40);padding-bottom:var(--wp--preset--spacing--40);padding-left:var(--wp--preset--spacing--40)\">\n<div class=\"wp-block-columns is-layout-flex wp-container-core-columns-is-layout-28f84493 wp-block-columns-is-layout-flex\">\n<div class=\"wp-block-column is-layout-flow wp-block-column-is-layout-flow\" style=\"flex-basis:100%\">\n<blockquote class=\"wp-block-quote is-style-plain has-x-large-font-size is-layout-flow wp-container-core-quote-is-layout-119bc444 wp-block-quote-is-layout-flow is-style-plain--4\" style=\"font-style:normal;font-weight:400\">\n<div class=\"wp-block-group has-global-padding is-content-justification-left is-layout-constrained wp-container-core-group-is-layout-085bd3d9 wp-block-group-is-layout-constrained\" style=\"margin-top:0;margin-bottom:0;padding-top:0;padding-right:0;padding-bottom:0;padding-left:0\">\n<p class=\"has-text-align-left has-large-font-size\"><strong>O3. <strong>Sinteza actelor normative<\/strong>:<\/strong><\/p>\n\n\n\n<p class=\"has-large-font-size\" style=\"line-height:1.3\">Analiza legisla\u021biei na\u021bionale a eviden\u021biat bariere \u0219i oportunit\u0103\u021bi pentru produc\u0103torii de \u00eenlocuitori de carne, subliniind impactul asupra percep\u021biei consumatorilor \u0219i conformitatea cu standardele UE.<\/p>\n\n\n\n<div style=\"height:37px\" aria-hidden=\"true\" class=\"wp-block-spacer\"><\/div>\n\n\n\n<p class=\"has-text-align-center\">\ud80c\udf09\u25ef\ud80c\uddcb<\/p>\n<\/div>\n<\/blockquote>\n<\/div>\n<\/div>\n<\/div>\n<\/div>\n\n\n\n<div class=\"wp-block-columns alignwide is-layout-flex wp-container-core-columns-is-layout-714d85e9 wp-block-columns-is-layout-flex\">\n<div class=\"wp-block-column has-border-color is-layout-flow wp-block-column-is-layout-flow\" style=\"border-color:var(--wp--preset--color--accent-6);border-width:1px;border-radius:10px;padding-top:var(--wp--preset--spacing--40);padding-right:var(--wp--preset--spacing--40);padding-bottom:var(--wp--preset--spacing--40);padding-left:var(--wp--preset--spacing--40)\">\n<div class=\"wp-block-columns is-layout-flex wp-container-core-columns-is-layout-28f84493 wp-block-columns-is-layout-flex\">\n<div class=\"wp-block-column is-layout-flow wp-block-column-is-layout-flow\" style=\"flex-basis:100%\">\n<blockquote class=\"wp-block-quote is-style-plain has-x-large-font-size is-layout-flow wp-container-core-quote-is-layout-119bc444 wp-block-quote-is-layout-flow is-style-plain--5\" style=\"font-style:normal;font-weight:400\">\n<div class=\"wp-block-group has-global-padding is-content-justification-left is-layout-constrained wp-container-core-group-is-layout-085bd3d9 wp-block-group-is-layout-constrained\" style=\"margin-top:0;margin-bottom:0;padding-top:0;padding-right:0;padding-bottom:0;padding-left:0\">\n<p class=\"has-text-align-left has-large-font-size\"><strong>O4. <strong>Cercetare calitativ\u0103<\/strong>:<\/strong><\/p>\n\n\n\n<p class=\"has-large-font-size\" style=\"line-height:1.3\">Interviurile calitative au fost sus\u021binute de documente (ex. consim\u021b\u0103m\u00e2nt informat, GDPR), oferind perspective detaliate asupra surselor alternative de proteine.<br><\/p>\n<\/div>\n<\/blockquote>\n<\/div>\n<\/div>\n\n\n\n<div style=\"height:62px\" aria-hidden=\"true\" class=\"wp-block-spacer\"><\/div>\n\n\n\n<p class=\"has-text-align-center has-x-large-font-size\">\ud80c\udf09\u25ef\ud80c\uddcb<\/p>\n<\/div>\n\n\n\n<div class=\"wp-block-column has-border-color is-layout-flow wp-block-column-is-layout-flow\" style=\"border-color:var(--wp--preset--color--accent-6);border-width:1px;border-radius:10px;padding-top:var(--wp--preset--spacing--40);padding-right:var(--wp--preset--spacing--40);padding-bottom:var(--wp--preset--spacing--40);padding-left:var(--wp--preset--spacing--40)\">\n<div class=\"wp-block-columns is-layout-flex wp-container-core-columns-is-layout-28f84493 wp-block-columns-is-layout-flex\">\n<div class=\"wp-block-column is-layout-flow wp-block-column-is-layout-flow\" style=\"flex-basis:100%\">\n<blockquote class=\"wp-block-quote is-style-plain has-x-large-font-size is-layout-flow wp-container-core-quote-is-layout-119bc444 wp-block-quote-is-layout-flow is-style-plain--6\" style=\"font-style:normal;font-weight:400\">\n<div class=\"wp-block-group has-global-padding is-content-justification-left is-layout-constrained wp-container-core-group-is-layout-085bd3d9 wp-block-group-is-layout-constrained\" style=\"margin-top:0;margin-bottom:0;padding-top:0;padding-right:0;padding-bottom:0;padding-left:0\">\n<p class=\"has-text-align-left has-large-font-size\"><strong>O5. <strong>Diseminarea rezultatelor<\/strong>:<\/strong><\/p>\n\n\n\n<p class=\"has-large-font-size\" style=\"line-height:1.3\">Rezultatele au fost promovate printr-un infografic, un material privind rezulatatele preliminare (<a href=\"https:\/\/zenodo.org\/records\/13927973\" target=\"_blank\" rel=\"noreferrer noopener\">https:\/\/zenodo.org\/records\/13927973<\/a>), o pagin\u0103 web, elaborarea unui articol \u0219tiin\u021bific \u0219i participarea la un webinar al consor\u021biului, toate materialele respect\u00e2nd cerin\u021bele de acknowledgment ale proiectului.<\/p>\n\n\n\n<p class=\"has-text-align-center has-x-large-font-size\">\ud80c\udf09\u25ef\ud80c\uddcb<\/p>\n<\/div>\n<\/blockquote>\n<\/div>\n<\/div>\n<\/div>\n\n\n\n<div class=\"wp-block-column has-border-color is-layout-flow wp-block-column-is-layout-flow\" style=\"border-color:var(--wp--preset--color--accent-6);border-width:1px;border-radius:10px;padding-top:var(--wp--preset--spacing--40);padding-right:var(--wp--preset--spacing--40);padding-bottom:var(--wp--preset--spacing--40);padding-left:var(--wp--preset--spacing--40)\">\n<div class=\"wp-block-columns is-layout-flex wp-container-core-columns-is-layout-28f84493 wp-block-columns-is-layout-flex\">\n<div class=\"wp-block-column is-layout-flow wp-block-column-is-layout-flow\" style=\"flex-basis:100%\">\n<blockquote class=\"wp-block-quote is-style-plain has-x-large-font-size is-layout-flow wp-container-core-quote-is-layout-119bc444 wp-block-quote-is-layout-flow is-style-plain--7\" style=\"font-style:normal;font-weight:400\">\n<div class=\"wp-block-group has-global-padding is-content-justification-left is-layout-constrained wp-container-core-group-is-layout-085bd3d9 wp-block-group-is-layout-constrained\" style=\"margin-top:0;margin-bottom:0;padding-top:0;padding-right:0;padding-bottom:0;padding-left:0\">\n<p class=\"has-text-align-left has-large-font-size\"><strong>O6. <strong>Participarea la activit\u0103\u021bile proiectului, conform solicit\u0103rilor venite din partea coordonatorului \u0219i a altor membri din consor\u021biu<\/strong>:<\/strong><\/p>\n\n\n\n<p class=\"has-large-font-size\" style=\"line-height:1.3\">Echipa a participat activ la \u0219edin\u021bele consor\u021biului, a realizat cercet\u0103ri de pia\u021b\u0103 \u0219i a participat la un webinar.<\/p>\n\n\n\n<div style=\"height:36px\" aria-hidden=\"true\" class=\"wp-block-spacer\"><\/div>\n\n\n\n<p class=\"has-text-align-center\">\ud80c\udf09\u25ef\ud80c\uddcb<\/p>\n<\/div>\n<\/blockquote>\n<\/div>\n<\/div>\n<\/div>\n<\/div>\n<\/div>\n\n\n\n<div class=\"wp-block-group alignfull is-style-default has-global-padding is-layout-constrained wp-block-group-is-layout-constrained\" style=\"margin-top:0;margin-bottom:0;padding-top:var(--wp--preset--spacing--50);padding-bottom:var(--wp--preset--spacing--50)\">\n<div class=\"wp-block-group alignwide has-global-padding is-layout-constrained wp-block-group-is-layout-constrained\">\n<h2 class=\"wp-block-heading has-text-align-center has-x-large-font-size\"><strong>Livrabile cheie<\/strong>:<\/h2>\n\n\n\n<ul class=\"wp-block-list\">\n<li class=\"has-platypi-font-family has-large-font-size\">Pagina web a proiectului; <\/li>\n\n\n\n<li class=\"has-platypi-font-family has-large-font-size\">Sinteza documentelor legale; <\/li>\n\n\n\n<li class=\"has-platypi-font-family has-large-font-size\">Set de interviuri WP2; <\/li>\n\n\n\n<li class=\"has-platypi-font-family has-large-font-size\">Infografic despre sursele alternative de proteine.<\/li>\n<\/ul>\n\n\n\n<div style=\"height:3px\" aria-hidden=\"true\" class=\"wp-block-spacer\"><\/div>\n\n\n\n<figure class=\"wp-block-image alignwide size-full\"><img loading=\"lazy\" decoding=\"async\" width=\"1414\" height=\"2000\" src=\"https:\/\/comMEATted.ro\/wp-content\/uploads\/2026\/02\/Infographic_UBB_RO_WP2_2024.png\" alt=\"\" class=\"wp-image-41\" srcset=\"https:\/\/commeatted.ro\/wp-content\/uploads\/2026\/02\/Infographic_UBB_RO_WP2_2024.png 1414w, https:\/\/commeatted.ro\/wp-content\/uploads\/2026\/02\/Infographic_UBB_RO_WP2_2024-212x300.png 212w, https:\/\/commeatted.ro\/wp-content\/uploads\/2026\/02\/Infographic_UBB_RO_WP2_2024-724x1024.png 724w, https:\/\/commeatted.ro\/wp-content\/uploads\/2026\/02\/Infographic_UBB_RO_WP2_2024-768x1086.png 768w, https:\/\/commeatted.ro\/wp-content\/uploads\/2026\/02\/Infographic_UBB_RO_WP2_2024-1086x1536.png 1086w\" sizes=\"auto, (max-width: 1414px) 100vw, 1414px\" \/><\/figure>\n\n\n\n<div style=\"height:0px\" aria-hidden=\"true\" class=\"wp-block-spacer\"><\/div>\n\n\n\n<p class=\"is-style-text-annotation has-large-font-size is-style-text-annotation--8\">Infografic privind rezultatele preliminare ale interviurilor (disponibil la <a href=\"https:\/\/zenodo.org\/records\/13929447\" target=\"_blank\" rel=\"noreferrer noopener\">https:\/\/zenodo.org\/records\/13929447<\/a>)<\/p>\n<\/div>\n<\/div>\n\n\n\n<div class=\"wp-block-group alignfull is-style-default has-global-padding is-layout-constrained wp-container-core-group-is-layout-9efca19f wp-block-group-is-layout-constrained\" style=\"margin-top:0;margin-bottom:0;padding-top:var(--wp--preset--spacing--40);padding-bottom:var(--wp--preset--spacing--40)\">\n<h2 class=\"wp-block-heading alignwide has-text-align-center is-style-default has-x-large-font-size\">Curios\/curioas\u0103 s\u0103 vezi mai multe rezultate? Arunc\u0103 o privire aici:<\/h2>\n\n\n\n<div class=\"wp-block-buttons has-custom-font-size has-small-font-size is-horizontal is-content-justification-center is-layout-flex wp-container-core-buttons-is-layout-5aec4d27 wp-block-buttons-is-layout-flex\">\n<div class=\"wp-block-button has-custom-width wp-block-button__width-25\"><a class=\"wp-block-button__link has-accent-5-color has-custom-068-a-30-background-color has-text-color has-background has-link-color has-medium-font-size has-text-align-center has-custom-font-size wp-element-button\" href=\"https:\/\/commeatted.ro\/?page_id=298\">Etapa 2<strong>: <\/strong>     <strong>Analiza calitativ\u0103 (2025)<\/strong><\/a><\/div>\n\n\n\n<div class=\"wp-block-button has-custom-width wp-block-button__width-25\"><a class=\"wp-block-button__link has-accent-5-color has-custom-068-a-30-background-color has-text-color has-background has-link-color has-medium-font-size has-text-align-center has-custom-font-size wp-element-button\" href=\"https:\/\/commeatted.ro\/?page_id=301\"><strong>Etapa 3: Transfer de informa\u021bii (2026)<\/strong><\/a><\/div>\n<\/div>\n\n\n\n<p class=\"has-text-align-center has-medium-font-size\">Sau mergi Acas\u0103:<\/p>\n\n\n\n<div class=\"wp-block-buttons is-content-justification-center is-layout-flex wp-container-core-buttons-is-layout-a89b3969 wp-block-buttons-is-layout-flex\">\n<div class=\"wp-block-button has-custom-width wp-block-button__width-25\"><a class=\"wp-block-button__link has-custom-065-d-21-background-color has-background has-medium-font-size has-custom-font-size wp-element-button\" href=\"https:\/\/commeatted.ro\/?page_id=292\">Acas\u0103<\/a><\/div>\n<\/div>\n<\/div>\n","protected":false},"excerpt":{"rendered":"<p>\ud83c\udf31 Identificarea p\u0103r\u021bilor interesate care vor participa la cercetarea calitativ\u0103 \u0219i analiza documentelor relevante. \ud80c\udf09 2024 \ud80c\uddcb Rezultatele etapei 1: \ud83d\udd17\u200d\ufe0f O baz\u0103 de date cu p\u0103r\u021bile interesate din domenii precum: lan\u021bul alimentar, cercet\u0103tori, media etc (realizat 100%). \ud83d\udcda Sintez\u0103 a literaturii \u0219tiin\u021bifice privind sursele alterantive de proteine (realizat 100%). \u2696\ufe0f Sintez\u0103 a actelor normative [&hellip;]<\/p>\n","protected":false},"author":1,"featured_media":0,"parent":0,"menu_order":0,"comment_status":"closed","ping_status":"closed","template":"","meta":{"footnotes":""},"class_list":["post-296","page","type-page","status-publish","hentry"],"_links":{"self":[{"href":"https:\/\/commeatted.ro\/index.php?rest_route=\/wp\/v2\/pages\/296","targetHints":{"allow":["GET"]}}],"collection":[{"href":"https:\/\/commeatted.ro\/index.php?rest_route=\/wp\/v2\/pages"}],"about":[{"href":"https:\/\/commeatted.ro\/index.php?rest_route=\/wp\/v2\/types\/page"}],"author":[{"embeddable":true,"href":"https:\/\/commeatted.ro\/index.php?rest_route=\/wp\/v2\/users\/1"}],"replies":[{"embeddable":true,"href":"https:\/\/commeatted.ro\/index.php?rest_route=%2Fwp%2Fv2%2Fcomments&post=296"}],"version-history":[{"count":12,"href":"https:\/\/commeatted.ro\/index.php?rest_route=\/wp\/v2\/pages\/296\/revisions"}],"predecessor-version":[{"id":361,"href":"https:\/\/commeatted.ro\/index.php?rest_route=\/wp\/v2\/pages\/296\/revisions\/361"}],"wp:attachment":[{"href":"https:\/\/commeatted.ro\/index.php?rest_route=%2Fwp%2Fv2%2Fmedia&parent=296"}],"curies":[{"name":"wp","href":"https:\/\/api.w.org\/{rel}","templated":true}]}}