{"id":292,"date":"2026-02-13T10:35:59","date_gmt":"2026-02-13T10:35:59","guid":{"rendered":"https:\/\/commeatted.ro\/?page_id=292"},"modified":"2026-02-16T13:59:37","modified_gmt":"2026-02-16T13:59:37","slug":"acasa","status":"publish","type":"page","link":"https:\/\/commeatted.ro\/?page_id=292","title":{"rendered":"Acas\u0103"},"content":{"rendered":"\n<div class=\"wp-block-buttons is-content-justification-center is-layout-flex wp-container-core-buttons-is-layout-a89b3969 wp-block-buttons-is-layout-flex\">\n<div class=\"wp-block-button\"><a class=\"wp-block-button__link wp-element-button\" href=\"https:\/\/commeatted.ro\/\">\ud83c\uddec\ud83c\udde7<\/a><\/div>\n\n\n\n<div class=\"wp-block-button\"><a class=\"wp-block-button__link has-custom-065-d-21-color has-custom-068-a-30-background-color has-text-color has-background has-link-color wp-element-button\" href=\"https:\/\/commeatted.ro\/?page_id=292\"><strong>\ud83c\uddf7\ud83c\uddf4<\/strong><\/a><\/div>\n<\/div>\n\n\n\n<div style=\"height:20px\" aria-hidden=\"true\" class=\"wp-block-spacer\"><\/div>\n\n\n\n<h2 class=\"wp-block-heading\">Titlul proiectului:<\/h2>\n\n\n\n<p class=\"has-text-align-center has-x-large-font-size\">\ud83c\udf31 Angajament pentru dezvoltarea responsabil\u0103 a produselor \u0219i practicilor de \u00eenlocuire a c\u0103rnii: compararea multidimensional\u0103 a barierelor \u0219i oportunit\u0103\u021bilor din \u021b\u0103rile europene<\/p>\n\n\n\n<p class=\"has-text-align-center has-x-large-font-size\">\ud83e\udd69 Acronim: ComMEATted<\/p>\n\n\n\n<div style=\"height:20px\" aria-hidden=\"true\" class=\"wp-block-spacer\"><\/div>\n\n\n\n<h2 class=\"wp-block-heading\">ComMEATted Rom\u00e2nia<\/h2>\n\n\n\n<p>Aceast\u0103 pagin\u0103 web a fost creat\u0103 de echipa Rom\u00e2niei \u0219i prezint\u0103 \u00een principal participarea echipei rom\u00e2ne\u0219ti.<\/p>\n\n\n\n<p>Pentru a accesa pagina interna\u021bional\u0103 a proiectului, apas\u0103 butonul de mai jos:<\/p>\n\n\n\n<div class=\"wp-block-buttons is-content-justification-center is-layout-flex wp-container-core-buttons-is-layout-a89b3969 wp-block-buttons-is-layout-flex\">\n<div class=\"wp-block-button is-style-fill\"><a class=\"wp-block-button__link has-custom-068-a-30-background-color has-background wp-element-button\" href=\"https:\/\/dcs.univ-nantes.fr\/en\/scientific-research\/commeatted-project-scientific-research\" target=\"_blank\" rel=\"noopener noreferrer\">\ud83e\uded8<\/a><\/div>\n<\/div>\n\n\n\n<p>\u00cen Rom\u00e2nia, proiectul este implementat de <strong><mark style=\"background-color:rgba(0, 0, 0, 0)\" class=\"has-inline-color has-custom-068-a-30-color\">Universitatea Babe\u0219-Bolyai<\/mark><\/strong> din Cluj-Napoca, prin cercet\u0103tori de la <strong><mark style=\"background-color:rgba(0, 0, 0, 0)\" class=\"has-inline-color has-custom-068-a-30-color\">Facultatea de \u0218tiin\u021ba \u0219i Ingineria Mediului<\/mark><\/strong> \u0219i <strong><mark style=\"background-color:rgba(0, 0, 0, 0)\" class=\"has-inline-color has-custom-068-a-30-color\">Facultatea de Business<\/mark><\/strong>.<\/p>\n\n\n\n<div style=\"height:20px\" aria-hidden=\"true\" class=\"wp-block-spacer\"><\/div>\n\n\n\n<h2 class=\"wp-block-heading\"><strong>Perioda de desf\u0103\u0219urare<\/strong>:<\/h2>\n\n\n\n<p>\ud83d\uddd3\ufe0f 1 Martie 2024 &#8211; 1 Martie 2027<\/p>\n\n\n\n<p>\ud83d\udcc6 Perioada finan\u021bat\u0103 de UEFISCDI este 1 Martie 2024 &#8211; 31 Decembrie 2026<\/p>\n\n\n\n<div style=\"height:20px\" aria-hidden=\"true\" class=\"wp-block-spacer\"><\/div>\n\n\n\n<h2 class=\"wp-block-heading\"><strong>Programul de finan\u021bare<\/strong>:<\/h2>\n\n\n\n<p>\ud83c\uddea\ud83c\uddfa European Joint Programming Initiative \u201cA Healthy Diet for a Healthy Life\u201d (JPI HDHL), Joint Transnational Research Proposals, New food resources and technologies to improve public health and food security (FOODRETEC).<\/p>\n\n\n\n<p>\ud83c\uddf7\ud83c\uddf4 <strong>Proiectul este finan\u021bat printr-un grant al Ministerului Cercet\u0103rii, Inov\u0103rii \u0219i Digitiz\u0103rii, CNCS\/CCCDI-UEFISCDI, num\u0103r proiect ERANET-JPI-HDHL-ComMEATted, \u00een cadrul PNCDI IV.<\/strong><\/p>\n\n\n\n<div style=\"height:20px\" aria-hidden=\"true\" class=\"wp-block-spacer\"><\/div>\n\n\n\n<h2 class=\"wp-block-heading\">Bugetul proiectului:<\/h2>\n\n\n\n<p>\ud83d\udcb6 Bugetul total: \u20ac1 765 183<\/p>\n\n\n\n<p>\ud83d\udcb6 Bugetul echipei Rom\u00e2niei: \u20ac199 828 (999 140 lei)<\/p>\n\n\n\n<div style=\"height:20px\" aria-hidden=\"true\" class=\"wp-block-spacer\"><\/div>\n\n\n\n<h2 class=\"wp-block-heading\">Obiectivele:<\/h2>\n\n\n\n<p>\ud83c\udfaf Proiectul urm\u0103re\u0219te s\u0103 faciliteze dezvoltarea responsabil\u0103 a proteinelor alternative (pe baz\u0103 de insecte \ud83e\udd97, pe baz\u0103 de plante \ud83e\uded8 \u0219i carne sintetic\u0103 \ud83e\udd69\ud83e\udd7c) \u00een Europa, contribuind la crearea unui sistem alimentar sustenabil, diversificat \u0219i inovator, care implic\u0103 multiple p\u0103r\u021bi interesate.<\/p>\n\n\n\n<div style=\"height:20px\" aria-hidden=\"true\" class=\"wp-block-spacer\"><\/div>\n\n\n\n<div class=\"wp-block-group alignfull has-global-padding is-layout-constrained wp-block-group-is-layout-constrained\" style=\"margin-top:0;margin-bottom:0;padding-top:0;padding-bottom:0\">\n<div class=\"wp-block-columns alignwide is-layout-flex wp-container-core-columns-is-layout-1d9f35bd wp-block-columns-is-layout-flex\">\n<div class=\"wp-block-column is-layout-flow wp-block-column-is-layout-flow\" style=\"border-style:none;border-width:0px;border-radius:10px;padding-top:var(--wp--preset--spacing--50);padding-right:var(--wp--preset--spacing--50);padding-bottom:var(--wp--preset--spacing--50);padding-left:var(--wp--preset--spacing--50)\">\n<h3 class=\"wp-block-heading has-text-align-center has-x-large-font-size\" id=\"free\">\u021a\u0103rile \u0219i partenerii implica\u021bi<\/h3>\n\n\n\n<div style=\"height:6px\" aria-hidden=\"true\" class=\"wp-block-spacer\"><\/div>\n\n\n\n<p class=\"has-text-align-left has-large-font-size\">\ud83c\udf0d Acoperind cinci contexte na\u021bionale diferite \u2013 <strong><mark style=\"background-color:rgba(0, 0, 0, 0)\" class=\"has-inline-color has-custom-068-a-30-color\">Austria, Fran\u021ba, Irlanda, Norvegia \u0219i Rom\u00e2nia<\/mark><\/strong> \u2013 proiectul cerceteaz\u0103 o serie de aspecte privind tranzi\u021bia durabil\u0103 c\u0103tre produc\u021bia, distribu\u021bia \u0219i consumul responsabil de \u00eenlocuitori de carne.<\/p>\n\n\n\n<p class=\"has-text-align-left has-large-font-size\">\ud83c\udf72 Obiceiurile alimentare tradi\u021bionale \u0219i normele culturale variaz\u0103 foarte mult \u00een Europa, <strong><mark style=\"background-color:rgba(0, 0, 0, 0)\" class=\"has-inline-color has-custom-068-a-30-color\">cre\u00e2nd un peisaj complex pentru introducerea de proteine alternative.<\/mark><\/strong><\/p>\n\n\n\n<p class=\"has-text-align-left has-large-font-size\">\ud83d\udd17 Proiectul propune, a\u0219adar, o abordare inovatoare, care integreaz\u0103 o gam\u0103 larg\u0103 de factori contextuali, incluz\u00e2nd aspecte sociale, culturale, legislative, economice, dar \u0219i considerente psihologice, etice \u0219i ideologice.<\/p>\n\n\n\n<p class=\"has-text-align-left has-large-font-size\">\ud83e\udde9 Aceast\u0103 perspectiv\u0103 holistic\u0103 permite o \u00een\u021belegere profund\u0103 \u0219i nuan\u021bat\u0103 a problemelor abordate, asigur\u00e2nd o solu\u021bie adaptat\u0103 complexit\u0103\u021bii acestora.<\/p>\n<\/div>\n<\/div>\n<\/div>\n\n\n\n<div style=\"height:20px\" aria-hidden=\"true\" class=\"wp-block-spacer\"><\/div>\n\n\n\n<div class=\"wp-block-group alignfull has-global-padding is-layout-constrained wp-block-group-is-layout-constrained\" style=\"margin-top:0;margin-bottom:0;padding-top:0;padding-bottom:0\">\n<div class=\"wp-block-group alignfull has-global-padding is-layout-constrained wp-block-group-is-layout-constrained\" style=\"margin-top:0;margin-bottom:0;padding-top:0;padding-bottom:0\">\n<div class=\"wp-block-columns alignwide is-layout-flex wp-container-core-columns-is-layout-1d9f35bd wp-block-columns-is-layout-flex\">\n<div class=\"wp-block-column has-border-color is-layout-flow wp-block-column-is-layout-flow\" style=\"border-color:var(--wp--preset--color--accent-6);border-width:1px;border-radius:10px;padding-top:var(--wp--preset--spacing--50);padding-right:var(--wp--preset--spacing--50);padding-bottom:var(--wp--preset--spacing--50);padding-left:var(--wp--preset--spacing--50)\">\n<h3 class=\"wp-block-heading has-text-align-center has-x-large-font-size\" id=\"free\">Implicarea p\u0103r\u021bilor interesate<\/h3>\n\n\n\n<div style=\"height:6px\" aria-hidden=\"true\" class=\"wp-block-spacer\"><\/div>\n\n\n\n<p class=\"has-large-font-size\">\ud83d\udc65 ComMEATted <strong><mark style=\"background-color:rgba(0, 0, 0, 0)\" class=\"has-inline-color has-custom-068-a-30-color\">urm\u0103re\u0219te implicarea activ\u0103 a unui panel variat de p\u0103r\u021bi interesate<\/mark><\/strong> pe tot parcursul procesului de cercetare, de la consumatori, deciden\u021bi politici, ONG-uri, p\u00e2n\u0103 la reprezentan\u021bi ai industriei \u0219i mass-media.<\/p>\n\n\n\n<p class=\"has-large-font-size\">\ud83d\udea7 Aceast\u0103 abordare colaborativ\u0103 pentru crearea de cuno\u0219tin\u021be ofer\u0103 perspective valoroase \u00een ceea ce prive\u0219te provoc\u0103rile \u0219i oportunit\u0103\u021bile asociate cu tranzi\u021bia c\u0103tre proteine alternative.<\/p>\n\n\n\n<p class=\"has-text-align-center has-x-large-font-size\">\ud802\udd82\ud81a\ude06\ud800\udc2a\ud81a\udc0b\ud800\udc2a\ud800\udc2a<\/p>\n<\/div>\n\n\n\n<div class=\"wp-block-column has-border-color is-layout-flow wp-block-column-is-layout-flow\" style=\"border-color:var(--wp--preset--color--accent-6);border-width:1px;border-radius:10px;padding-top:var(--wp--preset--spacing--50);padding-right:var(--wp--preset--spacing--50);padding-bottom:var(--wp--preset--spacing--50);padding-left:var(--wp--preset--spacing--50)\">\n<figure class=\"wp-block-image aligncenter size-full is-resized is-style-default\"><img loading=\"lazy\" decoding=\"async\" width=\"945\" height=\"708\" src=\"https:\/\/comMEATted.ro\/wp-content\/uploads\/2026\/02\/Graf.png\" alt=\"\" class=\"wp-image-40\" style=\"aspect-ratio:1.3347317918148536;width:522px;height:auto\" srcset=\"https:\/\/commeatted.ro\/wp-content\/uploads\/2026\/02\/Graf.png 945w, https:\/\/commeatted.ro\/wp-content\/uploads\/2026\/02\/Graf-300x225.png 300w, https:\/\/commeatted.ro\/wp-content\/uploads\/2026\/02\/Graf-768x575.png 768w\" sizes=\"auto, (max-width: 945px) 100vw, 945px\" \/><\/figure>\n<\/div>\n<\/div>\n<\/div>\n<\/div>\n\n\n\n<div class=\"wp-block-group alignfull is-style-default has-global-padding is-layout-constrained wp-container-core-group-is-layout-bd3511a8 wp-block-group-is-layout-constrained\" style=\"margin-top:0;margin-bottom:0;padding-top:0;padding-bottom:0\">\n<div style=\"height:49px\" aria-hidden=\"true\" class=\"wp-block-spacer\"><\/div>\n<\/div>\n\n\n\n<div class=\"wp-block-group alignfull has-global-padding is-layout-constrained wp-block-group-is-layout-constrained\" style=\"margin-top:0;margin-bottom:0;padding-top:0;padding-bottom:0\">\n<div class=\"wp-block-columns alignwide is-layout-flex wp-container-core-columns-is-layout-1d9f35bd wp-block-columns-is-layout-flex\">\n<div class=\"wp-block-column has-border-color is-layout-flow wp-block-column-is-layout-flow\" style=\"border-color:var(--wp--preset--color--accent-6);border-width:1px;border-radius:10px;padding-top:var(--wp--preset--spacing--50);padding-right:var(--wp--preset--spacing--50);padding-bottom:var(--wp--preset--spacing--50);padding-left:var(--wp--preset--spacing--50)\">\n<h3 class=\"wp-block-heading has-text-align-center has-x-large-font-size\" id=\"free\">Etapele proiectului ComMEATted \u0219i rezultatele associate lor<\/h3>\n\n\n\n<figure class=\"wp-block-image aligncenter size-full\"><img loading=\"lazy\" decoding=\"async\" width=\"586\" height=\"418\" src=\"https:\/\/comMEATted.ro\/wp-content\/uploads\/2026\/02\/Untitled-2.png\" alt=\"\" class=\"wp-image-45\" srcset=\"https:\/\/commeatted.ro\/wp-content\/uploads\/2026\/02\/Untitled-2.png 586w, https:\/\/commeatted.ro\/wp-content\/uploads\/2026\/02\/Untitled-2-300x214.png 300w\" sizes=\"auto, (max-width: 586px) 100vw, 586px\" \/><\/figure>\n<\/div>\n<\/div>\n<\/div>\n","protected":false},"excerpt":{"rendered":"<p>Titlul proiectului: \ud83c\udf31 Angajament pentru dezvoltarea responsabil\u0103 a produselor \u0219i practicilor de \u00eenlocuire a c\u0103rnii: compararea multidimensional\u0103 a barierelor \u0219i oportunit\u0103\u021bilor din \u021b\u0103rile europene \ud83e\udd69 Acronim: ComMEATted ComMEATted Rom\u00e2nia Aceast\u0103 pagin\u0103 web a fost creat\u0103 de echipa Rom\u00e2niei \u0219i prezint\u0103 \u00een principal participarea echipei rom\u00e2ne\u0219ti. Pentru a accesa pagina interna\u021bional\u0103 a proiectului, apas\u0103 butonul de [&hellip;]<\/p>\n","protected":false},"author":1,"featured_media":0,"parent":0,"menu_order":0,"comment_status":"closed","ping_status":"closed","template":"","meta":{"footnotes":""},"class_list":["post-292","page","type-page","status-publish","hentry"],"_links":{"self":[{"href":"https:\/\/commeatted.ro\/index.php?rest_route=\/wp\/v2\/pages\/292","targetHints":{"allow":["GET"]}}],"collection":[{"href":"https:\/\/commeatted.ro\/index.php?rest_route=\/wp\/v2\/pages"}],"about":[{"href":"https:\/\/commeatted.ro\/index.php?rest_route=\/wp\/v2\/types\/page"}],"author":[{"embeddable":true,"href":"https:\/\/commeatted.ro\/index.php?rest_route=\/wp\/v2\/users\/1"}],"replies":[{"embeddable":true,"href":"https:\/\/commeatted.ro\/index.php?rest_route=%2Fwp%2Fv2%2Fcomments&post=292"}],"version-history":[{"count":18,"href":"https:\/\/commeatted.ro\/index.php?rest_route=\/wp\/v2\/pages\/292\/revisions"}],"predecessor-version":[{"id":403,"href":"https:\/\/commeatted.ro\/index.php?rest_route=\/wp\/v2\/pages\/292\/revisions\/403"}],"wp:attachment":[{"href":"https:\/\/commeatted.ro\/index.php?rest_route=%2Fwp%2Fv2%2Fmedia&parent=292"}],"curies":[{"name":"wp","href":"https:\/\/api.w.org\/{rel}","templated":true}]}}