{"id":259,"date":"2026-02-12T11:53:29","date_gmt":"2026-02-12T11:53:29","guid":{"rendered":"https:\/\/commeatted.ro\/?page_id=259"},"modified":"2026-02-16T14:11:18","modified_gmt":"2026-02-16T14:11:18","slug":"contact-2","status":"publish","type":"page","link":"https:\/\/commeatted.ro\/?page_id=259","title":{"rendered":"Contact"},"content":{"rendered":"\n<div class=\"wp-block-buttons is-content-justification-center is-layout-flex wp-container-core-buttons-is-layout-a89b3969 wp-block-buttons-is-layout-flex\">\n<div class=\"wp-block-button\"><a class=\"wp-block-button__link wp-element-button\" href=\"https:\/\/commeatted.ro\/?page_id=48\">\ud83c\uddec\ud83c\udde7<\/a><\/div>\n\n\n\n<div class=\"wp-block-button\"><a class=\"wp-block-button__link has-custom-065-d-21-color has-custom-068-a-30-background-color has-text-color has-background has-link-color wp-element-button\" href=\"https:\/\/commeatted.ro\/?page_id=259\"><strong>\ud83c\uddf7\ud83c\uddf4<\/strong><\/a><\/div>\n<\/div>\n\n\n\n<p class=\"has-large-font-size\"><a href=\"https:\/\/www.ubbcluj.ro\/ro\/\" target=\"_blank\" rel=\"noreferrer noopener\">Universitatea Babe\u0219-Bolyai<\/a><\/p>\n\n\n\n<p class=\"has-large-font-size\"><a href=\"https:\/\/enviro.ubbcluj.ro\/commeatted\/\" target=\"_blank\" rel=\"noreferrer noopener\">Facultatea de \u0218tiin\u021ba \u0219i Ingineria Mediului<\/a><\/p>\n\n\n\n<p class=\"has-large-font-size\">Strada F\u00e2nt\u00e2nele 30, 400294, Cluj-Napoca, Rom\u00e2nia<\/p>\n\n\n\n<p class=\"has-large-font-size\"><a href=\"https:\/\/tbs.ubbcluj.ro\/\">Facultatea de Business<\/a><\/p>\n\n\n\n<p class=\"has-large-font-size\">Strada Horea 7, 400038, Cluj-Napoca, Rom\u00e2nia<\/p>\n\n\n\n<p class=\"has-large-font-size\">\ud83d\udcbc Director de proiect: <a href=\"mailto:malina.petrescu@ubbcluj.ro\" target=\"_blank\" rel=\"noreferrer noopener\">malina.petrescu@ubbcluj.ro<\/a><\/p>\n\n\n\n<p class=\"has-large-font-size\">\ud83d\udcbb Administrator web: <a href=\"mailto:camelia.ginsca@ubbcluj.ro\" target=\"_blank\" rel=\"noreferrer noopener\">camelia.ginsca@ubbcluj.ro<\/a><\/p>\n\n\n\n<div style=\"height:29px\" aria-hidden=\"true\" class=\"wp-block-spacer\"><\/div>\n\n\n\n<figure class=\"wp-block-image size-full is-resized\"><img loading=\"lazy\" decoding=\"async\" width=\"725\" height=\"276\" src=\"https:\/\/comMEATted.ro\/wp-content\/uploads\/2026\/02\/Logo-UBB-2.png\" alt=\"\" class=\"wp-image-110\" style=\"aspect-ratio:2.626756228807885;width:298px;height:auto\" srcset=\"https:\/\/commeatted.ro\/wp-content\/uploads\/2026\/02\/Logo-UBB-2.png 725w, https:\/\/commeatted.ro\/wp-content\/uploads\/2026\/02\/Logo-UBB-2-300x114.png 300w, https:\/\/commeatted.ro\/wp-content\/uploads\/2026\/02\/Logo-UBB-2-150x57.png 150w\" sizes=\"auto, (max-width: 725px) 100vw, 725px\" \/><\/figure>\n\n\n\n<figure class=\"wp-block-image size-large is-resized\"><img loading=\"lazy\" decoding=\"async\" width=\"1024\" height=\"429\" src=\"https:\/\/comMEATted.ro\/wp-content\/uploads\/2026\/02\/logo_Facultate_verde-1-1024x429.png\" alt=\"\" class=\"wp-image-112\" style=\"aspect-ratio:2.38697334450661;width:270px;height:auto\" srcset=\"https:\/\/commeatted.ro\/wp-content\/uploads\/2026\/02\/logo_Facultate_verde-1-1024x429.png 1024w, https:\/\/commeatted.ro\/wp-content\/uploads\/2026\/02\/logo_Facultate_verde-1-300x126.png 300w, https:\/\/commeatted.ro\/wp-content\/uploads\/2026\/02\/logo_Facultate_verde-1-150x63.png 150w, https:\/\/commeatted.ro\/wp-content\/uploads\/2026\/02\/logo_Facultate_verde-1-768x322.png 768w, https:\/\/commeatted.ro\/wp-content\/uploads\/2026\/02\/logo_Facultate_verde-1-1536x644.png 1536w, https:\/\/commeatted.ro\/wp-content\/uploads\/2026\/02\/logo_Facultate_verde-1.png 1716w\" sizes=\"auto, (max-width: 1024px) 100vw, 1024px\" \/><\/figure>\n\n\n\n<figure class=\"wp-block-image size-full is-resized\"><img loading=\"lazy\" decoding=\"async\" width=\"790\" height=\"256\" src=\"https:\/\/commeatted.ro\/wp-content\/uploads\/2026\/02\/Logo_TBS_N.png\" alt=\"\" class=\"wp-image-407\" style=\"aspect-ratio:3.085878379187328;width:267px;height:auto\" srcset=\"https:\/\/commeatted.ro\/wp-content\/uploads\/2026\/02\/Logo_TBS_N.png 790w, https:\/\/commeatted.ro\/wp-content\/uploads\/2026\/02\/Logo_TBS_N-300x97.png 300w, https:\/\/commeatted.ro\/wp-content\/uploads\/2026\/02\/Logo_TBS_N-150x49.png 150w, https:\/\/commeatted.ro\/wp-content\/uploads\/2026\/02\/Logo_TBS_N-768x249.png 768w\" sizes=\"auto, (max-width: 790px) 100vw, 790px\" \/><\/figure>\n\n\n\n<div style=\"height:29px\" aria-hidden=\"true\" class=\"wp-block-spacer\"><\/div>\n\n\n\n<h2 class=\"wp-block-heading\">E\u0219ti curios\/curioas\u0103 s\u0103 afli mai multe?<\/h2>\n\n\n\n<p>Consult\u0103 pagina \u00een limba francez\u0103 a proiectului f\u0103c\u00e2nd clic pe butonul de mai jos:<\/p>\n\n\n\n<div class=\"wp-block-buttons is-content-justification-center is-layout-flex wp-container-core-buttons-is-layout-a89b3969 wp-block-buttons-is-layout-flex\">\n<div class=\"wp-block-button is-style-fill\"><a class=\"wp-block-button__link has-custom-068-a-30-background-color has-background has-text-align-center wp-element-button\" href=\"https:\/\/dcs.univ-nantes.fr\/en\/scientific-research\/commeatted-project-scientific-research\" target=\"_blank\" rel=\"noopener noreferrer\">\n    \ud83e\udd69\n  <\/a><\/div>\n<\/div>\n","protected":false},"excerpt":{"rendered":"<p>Universitatea Babe\u0219-Bolyai Facultatea de \u0218tiin\u021ba \u0219i Ingineria Mediului Strada F\u00e2nt\u00e2nele 30, 400294, Cluj-Napoca, Rom\u00e2nia Facultatea de Business Strada Horea 7, 400038, Cluj-Napoca, Rom\u00e2nia \ud83d\udcbc Director de proiect: malina.petrescu@ubbcluj.ro \ud83d\udcbb Administrator web: camelia.ginsca@ubbcluj.ro E\u0219ti curios\/curioas\u0103 s\u0103 afli mai multe? Consult\u0103 pagina \u00een limba francez\u0103 a proiectului f\u0103c\u00e2nd clic pe butonul de mai jos:<\/p>\n","protected":false},"author":1,"featured_media":0,"parent":0,"menu_order":0,"comment_status":"closed","ping_status":"closed","template":"","meta":{"footnotes":""},"class_list":["post-259","page","type-page","status-publish","hentry"],"_links":{"self":[{"href":"https:\/\/commeatted.ro\/index.php?rest_route=\/wp\/v2\/pages\/259","targetHints":{"allow":["GET"]}}],"collection":[{"href":"https:\/\/commeatted.ro\/index.php?rest_route=\/wp\/v2\/pages"}],"about":[{"href":"https:\/\/commeatted.ro\/index.php?rest_route=\/wp\/v2\/types\/page"}],"author":[{"embeddable":true,"href":"https:\/\/commeatted.ro\/index.php?rest_route=\/wp\/v2\/users\/1"}],"replies":[{"embeddable":true,"href":"https:\/\/commeatted.ro\/index.php?rest_route=%2Fwp%2Fv2%2Fcomments&post=259"}],"version-history":[{"count":10,"href":"https:\/\/commeatted.ro\/index.php?rest_route=\/wp\/v2\/pages\/259\/revisions"}],"predecessor-version":[{"id":418,"href":"https:\/\/commeatted.ro\/index.php?rest_route=\/wp\/v2\/pages\/259\/revisions\/418"}],"wp:attachment":[{"href":"https:\/\/commeatted.ro\/index.php?rest_route=%2Fwp%2Fv2%2Fmedia&parent=259"}],"curies":[{"name":"wp","href":"https:\/\/api.w.org\/{rel}","templated":true}]}}